{"id":6037,"date":"2023-05-26T09:44:42","date_gmt":"2023-05-26T07:44:42","guid":{"rendered":"https:\/\/gridexpo.distinctive.de\/imprint\/"},"modified":"2025-01-16T10:59:43","modified_gmt":"2025-01-16T09:59:43","slug":"imprint","status":"publish","type":"page","link":"https:\/\/gridexpo.distinctive.de\/en\/imprint\/","title":{"rendered":"Imprint"},"content":{"rendered":"\t\t<div data-elementor-type=\"wp-page\" data-elementor-id=\"6037\" class=\"elementor elementor-6037 elementor-3540\" data-elementor-post-type=\"page\">\n\t\t\t\t<div class=\"elementor-element elementor-element-58ad7741 e-flex e-con-boxed e-con e-parent\" data-id=\"58ad7741\" data-element_type=\"container\" data-settings=\"{&quot;background_background&quot;:&quot;classic&quot;}\">\n\t\t\t\t\t<div class=\"e-con-inner\">\n\t\t\t\t<div class=\"elementor-element elementor-element-72e96bb elementor-widget elementor-widget-heading\" data-id=\"72e96bb\" data-element_type=\"widget\" data-widget_type=\"heading.default\">\n\t\t\t\t<div class=\"elementor-widget-container\">\n\t\t\t\t\t<h1 class=\"elementor-heading-title elementor-size-default\">Imprint<\/h1>\t\t\t\t<\/div>\n\t\t\t\t<\/div>\n\t\t\t\t<div class=\"elementor-element elementor-element-7822cb22 elementor-widget elementor-widget-text-editor\" data-id=\"7822cb22\" data-element_type=\"widget\" data-widget_type=\"text-editor.default\">\n\t\t\t\t<div class=\"elementor-widget-container\">\n\t\t\t\t\t\t\t\t\t<div id=\"policy\" class=\"policy\">\n<p><strong>Address:<\/strong><br \/>Messe D\u00fcsseldorf GmbH<br \/>P.O. Box 10 10 06, 40001 D\u00fcsseldorf<br \/>Messeplatz, Stockumer Kirchstrasse 61, 40474 D\u00fcsseldorf<br \/>Germany<\/p>\n<p>Telephone: +49 211 4560-01<br \/>Fax: +49 211 4560-668<br \/>E-Mail: <a href=\"mailto:info@messe-duesseldorf.de\">info@messe-duesseldorf.de<\/a><br \/>Internet: <a href=\"https:\/\/www.messe-duesseldorf.de\/\">https:\/\/www.messe-duesseldorf.de\/<\/a><\/p>\n<p><strong>Board of Managing Directors:<\/strong><br \/>Wolfram N. Diener (CEO)<br \/>Marius Berlemann <br \/>Bernhard J. Stempfle<\/p>\n<p><strong>Chairman of Supervisory Board:<\/strong><br \/>Dr. Stephan Keller<br \/>Lord Mayor of the City of D\u00fcsseldorf<br \/>Capital of the State of North Rhine-Westphalia<\/p>\n<p><strong>Editorial responsibility as defined in the Press Law and the Media Treaty: <\/strong><br \/>Dr. Andrea Gr\u00e4nzd\u00f6rffer<br \/>Steffen Jantz<\/p>\n<p>Local Court D\u00fcsseldorf HRB 63<\/p>\n<p>VAT no. DE 119 360 948<\/p>\n<p><strong>Disclaimer<\/strong><br \/>The <span>content<\/span> of our sites has been prepared with the utmost care. Nevertheless, we cannot assume any liability for the correctness, completeness and up-to-date status of the content. In particular, Messe D\u00fcsseldorf GmbH reserves the right to make changes or extensions to the information provided without prior notification. The temporary or final ending of the publication is also possible without prior notification. Messe D\u00fcsseldorf GmbH shall not be liable for any damages of a material or immaterial nature caused by use of information provided on its websites, unless liability applies as a result of demonstrably intentional or grossly negligent conduct.    <\/p>\n<p>Our site includes <span>links<\/span> to external websites of third parties; we have no influence on the contents of these websites. In all cases, the respective site provider or operator shall be responsible for the content of the sites linked. Liability of Messe D\u00fcsseldorf GmbH for corresponding contents and offers of third parties is hereby excluded. The sites linked were checked for possible violations of the law at the time of the creation of the link. No unlawful contents were recognisable at that time. Should you ascertain doubtful or unlawful contents on these sites, we would appreciate corresponding information. In the event of us becoming aware of violations of the law, we shall remove the links concerned immediately.      <\/p>\n<p><strong>Copyright<\/strong><br \/>Layout, texts, pictures and graphics on this site are protected by law. This applies in particular for trademark and patent rights as well as for all other forms of intellectual property rights. The reproduction or distribution of individual contents of this site, either in part or in full, and\/or of complete pages is not permitted unless this contents has obviously been provided for this purpose. Violations will be pursued under civil and criminal law.   <\/p>\n<p><strong>Note concerning the use of language<\/strong><br \/>The contents of these Internet sites make equal reference to both men and women. For the purpose of simplification only the male form is used. <\/p>\n<p><strong>Bank account details<\/strong><br \/>Our bank account details can be found in the respective conditions of participation.<\/p>\n<\/div>\n\t\t\t\t\t\t\t\t<\/div>\n\t\t\t\t<\/div>\n\t\t\t\t\t<\/div>\n\t\t\t\t<\/div>\n\t\t\t\t<\/div>\n\t\t","protected":false},"excerpt":{"rendered":"<p>Imprint Address:Messe D\u00fcsseldorf GmbHP.O. Box 10 10 06, 40001 D\u00fcsseldorfMesseplatz, Stockumer Kirchstrasse 61, 40474 D\u00fcsseldorfGermany Telephone: +49 211 4560-01Fax: +49 211 4560-668E-Mail: info@messe-duesseldorf.deInternet: https:\/\/www.messe-duesseldorf.de\/ Board of Managing Directors:Wolfram N. Diener (CEO)Marius Berlemann Bernhard J. Stempfle Chairman of Supervisory Board:Dr. Stephan KellerLord Mayor of the City of D\u00fcsseldorfCapital of the State of North Rhine-Westphalia Editorial responsibility [&hellip;]<\/p>\n","protected":false},"author":1,"featured_media":0,"parent":0,"menu_order":0,"comment_status":"closed","ping_status":"open","template":"","meta":{"footnotes":""},"class_list":["post-6037","page","type-page","status-publish","hentry"],"yoast_head":"<!-- This site is optimized with the Yoast SEO plugin v24.9 - https:\/\/yoast.com\/wordpress\/plugins\/seo\/ -->\n<title>Imprint - GRIDexpo - International trade fair for smart grids<\/title>\n<meta name=\"robots\" content=\"noindex, follow\" \/>\n<meta property=\"og:locale\" content=\"en_US\" \/>\n<meta property=\"og:type\" content=\"article\" \/>\n<meta property=\"og:title\" content=\"Imprint - GRIDexpo - International trade fair for smart grids\" \/>\n<meta property=\"og:description\" content=\"Imprint Address:Messe D\u00fcsseldorf GmbHP.O. Box 10 10 06, 40001 D\u00fcsseldorfMesseplatz, Stockumer Kirchstrasse 61, 40474 D\u00fcsseldorfGermany Telephone: +49 211 4560-01Fax: +49 211 4560-668E-Mail: info@messe-duesseldorf.deInternet: https:\/\/www.messe-duesseldorf.de\/ Board of Managing Directors:Wolfram N. Diener (CEO)Marius Berlemann Bernhard J. Stempfle Chairman of Supervisory Board:Dr. Stephan KellerLord Mayor of the City of D\u00fcsseldorfCapital of the State of North Rhine-Westphalia Editorial responsibility [&hellip;]\" \/>\n<meta property=\"og:url\" content=\"https:\/\/gridexpo.distinctive.de\/en\/imprint\/\" \/>\n<meta property=\"og:site_name\" content=\"GRIDexpo\" \/>\n<meta property=\"article:modified_time\" content=\"2025-01-16T09:59:43+00:00\" \/>\n<meta property=\"og:image\" content=\"https:\/\/gridexpo.distinctive.de\/wp-content\/uploads\/2024\/10\/gridexpo-teaser-3.jpg\" \/>\n\t<meta property=\"og:image:width\" content=\"570\" \/>\n\t<meta property=\"og:image:height\" content=\"570\" \/>\n\t<meta property=\"og:image:type\" content=\"image\/jpeg\" \/>\n<meta name=\"twitter:card\" content=\"summary_large_image\" \/>\n<script type=\"application\/ld+json\" class=\"yoast-schema-graph\">{\"@context\":\"https:\/\/schema.org\",\"@graph\":[{\"@type\":\"WebPage\",\"@id\":\"https:\/\/gridexpo.distinctive.de\/en\/imprint\/\",\"url\":\"https:\/\/gridexpo.distinctive.de\/en\/imprint\/\",\"name\":\"Imprint - GRIDexpo - International trade fair for smart grids\",\"isPartOf\":{\"@id\":\"https:\/\/gridexpo.distinctive.de\/en\/#website\"},\"datePublished\":\"2023-05-26T07:44:42+00:00\",\"dateModified\":\"2025-01-16T09:59:43+00:00\",\"breadcrumb\":{\"@id\":\"https:\/\/gridexpo.distinctive.de\/en\/imprint\/#breadcrumb\"},\"inLanguage\":\"en-US\",\"potentialAction\":[{\"@type\":\"ReadAction\",\"target\":[\"https:\/\/gridexpo.distinctive.de\/en\/imprint\/\"]}]},{\"@type\":\"BreadcrumbList\",\"@id\":\"https:\/\/gridexpo.distinctive.de\/en\/imprint\/#breadcrumb\",\"itemListElement\":[{\"@type\":\"ListItem\",\"position\":1,\"name\":\"Startseite\",\"item\":\"https:\/\/gridexpo.distinctive.de\/en\/\"},{\"@type\":\"ListItem\",\"position\":2,\"name\":\"Imprint\"}]},{\"@type\":\"WebSite\",\"@id\":\"https:\/\/gridexpo.distinctive.de\/en\/#website\",\"url\":\"https:\/\/gridexpo.distinctive.de\/en\/\",\"name\":\"GRIDexpo\",\"description\":\"Internationale Fachmesse f\u00fcr intelligente Stromnetze\",\"publisher\":{\"@id\":\"https:\/\/gridexpo.distinctive.de\/en\/#organization\"},\"potentialAction\":[{\"@type\":\"SearchAction\",\"target\":{\"@type\":\"EntryPoint\",\"urlTemplate\":\"https:\/\/gridexpo.distinctive.de\/en\/?s={search_term_string}\"},\"query-input\":{\"@type\":\"PropertyValueSpecification\",\"valueRequired\":true,\"valueName\":\"search_term_string\"}}],\"inLanguage\":\"en-US\"},{\"@type\":\"Organization\",\"@id\":\"https:\/\/gridexpo.distinctive.de\/en\/#organization\",\"name\":\"GRIDexpo \u2013 Internationale Fachmesse f\u00fcr intelligente Stromnetze\",\"url\":\"https:\/\/gridexpo.distinctive.de\/en\/\",\"logo\":{\"@type\":\"ImageObject\",\"inLanguage\":\"en-US\",\"@id\":\"https:\/\/gridexpo.distinctive.de\/en\/#\/schema\/logo\/image\/\",\"url\":\"https:\/\/gridexpo.distinctive.de\/wp-content\/uploads\/2024\/10\/gridexpo-teaser-3.jpg\",\"contentUrl\":\"https:\/\/gridexpo.distinctive.de\/wp-content\/uploads\/2024\/10\/gridexpo-teaser-3.jpg\",\"width\":570,\"height\":570,\"caption\":\"GRIDexpo \u2013 Internationale Fachmesse f\u00fcr intelligente Stromnetze\"},\"image\":{\"@id\":\"https:\/\/gridexpo.distinctive.de\/en\/#\/schema\/logo\/image\/\"},\"sameAs\":[\"https:\/\/de.linkedin.com\/showcase\/gridexpo\/\"]}]}<\/script>\n<!-- \/ Yoast SEO plugin. -->","yoast_head_json":{"title":"Imprint - GRIDexpo - International trade fair for smart grids","robots":{"index":"noindex","follow":"follow"},"og_locale":"en_US","og_type":"article","og_title":"Imprint - GRIDexpo - International trade fair for smart grids","og_description":"Imprint Address:Messe D\u00fcsseldorf GmbHP.O. Box 10 10 06, 40001 D\u00fcsseldorfMesseplatz, Stockumer Kirchstrasse 61, 40474 D\u00fcsseldorfGermany Telephone: +49 211 4560-01Fax: +49 211 4560-668E-Mail: info@messe-duesseldorf.deInternet: https:\/\/www.messe-duesseldorf.de\/ Board of Managing Directors:Wolfram N. Diener (CEO)Marius Berlemann Bernhard J. Stempfle Chairman of Supervisory Board:Dr. Stephan KellerLord Mayor of the City of D\u00fcsseldorfCapital of the State of North Rhine-Westphalia Editorial responsibility [&hellip;]","og_url":"https:\/\/gridexpo.distinctive.de\/en\/imprint\/","og_site_name":"GRIDexpo","article_modified_time":"2025-01-16T09:59:43+00:00","og_image":[{"width":570,"height":570,"url":"https:\/\/gridexpo.distinctive.de\/wp-content\/uploads\/2024\/10\/gridexpo-teaser-3.jpg","type":"image\/jpeg"}],"twitter_card":"summary_large_image","schema":{"@context":"https:\/\/schema.org","@graph":[{"@type":"WebPage","@id":"https:\/\/gridexpo.distinctive.de\/en\/imprint\/","url":"https:\/\/gridexpo.distinctive.de\/en\/imprint\/","name":"Imprint - GRIDexpo - International trade fair for smart grids","isPartOf":{"@id":"https:\/\/gridexpo.distinctive.de\/en\/#website"},"datePublished":"2023-05-26T07:44:42+00:00","dateModified":"2025-01-16T09:59:43+00:00","breadcrumb":{"@id":"https:\/\/gridexpo.distinctive.de\/en\/imprint\/#breadcrumb"},"inLanguage":"en-US","potentialAction":[{"@type":"ReadAction","target":["https:\/\/gridexpo.distinctive.de\/en\/imprint\/"]}]},{"@type":"BreadcrumbList","@id":"https:\/\/gridexpo.distinctive.de\/en\/imprint\/#breadcrumb","itemListElement":[{"@type":"ListItem","position":1,"name":"Startseite","item":"https:\/\/gridexpo.distinctive.de\/en\/"},{"@type":"ListItem","position":2,"name":"Imprint"}]},{"@type":"WebSite","@id":"https:\/\/gridexpo.distinctive.de\/en\/#website","url":"https:\/\/gridexpo.distinctive.de\/en\/","name":"GRIDexpo","description":"Internationale Fachmesse f\u00fcr intelligente Stromnetze","publisher":{"@id":"https:\/\/gridexpo.distinctive.de\/en\/#organization"},"potentialAction":[{"@type":"SearchAction","target":{"@type":"EntryPoint","urlTemplate":"https:\/\/gridexpo.distinctive.de\/en\/?s={search_term_string}"},"query-input":{"@type":"PropertyValueSpecification","valueRequired":true,"valueName":"search_term_string"}}],"inLanguage":"en-US"},{"@type":"Organization","@id":"https:\/\/gridexpo.distinctive.de\/en\/#organization","name":"GRIDexpo \u2013 Internationale Fachmesse f\u00fcr intelligente Stromnetze","url":"https:\/\/gridexpo.distinctive.de\/en\/","logo":{"@type":"ImageObject","inLanguage":"en-US","@id":"https:\/\/gridexpo.distinctive.de\/en\/#\/schema\/logo\/image\/","url":"https:\/\/gridexpo.distinctive.de\/wp-content\/uploads\/2024\/10\/gridexpo-teaser-3.jpg","contentUrl":"https:\/\/gridexpo.distinctive.de\/wp-content\/uploads\/2024\/10\/gridexpo-teaser-3.jpg","width":570,"height":570,"caption":"GRIDexpo \u2013 Internationale Fachmesse f\u00fcr intelligente Stromnetze"},"image":{"@id":"https:\/\/gridexpo.distinctive.de\/en\/#\/schema\/logo\/image\/"},"sameAs":["https:\/\/de.linkedin.com\/showcase\/gridexpo\/"]}]}},"_links":{"self":[{"href":"https:\/\/gridexpo.distinctive.de\/en\/wp-json\/wp\/v2\/pages\/6037","targetHints":{"allow":["GET"]}}],"collection":[{"href":"https:\/\/gridexpo.distinctive.de\/en\/wp-json\/wp\/v2\/pages"}],"about":[{"href":"https:\/\/gridexpo.distinctive.de\/en\/wp-json\/wp\/v2\/types\/page"}],"author":[{"embeddable":true,"href":"https:\/\/gridexpo.distinctive.de\/en\/wp-json\/wp\/v2\/users\/1"}],"replies":[{"embeddable":true,"href":"https:\/\/gridexpo.distinctive.de\/en\/wp-json\/wp\/v2\/comments?post=6037"}],"version-history":[{"count":1,"href":"https:\/\/gridexpo.distinctive.de\/en\/wp-json\/wp\/v2\/pages\/6037\/revisions"}],"predecessor-version":[{"id":6038,"href":"https:\/\/gridexpo.distinctive.de\/en\/wp-json\/wp\/v2\/pages\/6037\/revisions\/6038"}],"wp:attachment":[{"href":"https:\/\/gridexpo.distinctive.de\/en\/wp-json\/wp\/v2\/media?parent=6037"}],"curies":[{"name":"wp","href":"https:\/\/api.w.org\/{rel}","templated":true}]}}