{"id":6025,"date":"2024-11-07T15:30:53","date_gmt":"2024-11-07T14:30:53","guid":{"rendered":"https:\/\/gridexpo.distinctive.de\/contact\/"},"modified":"2025-01-22T16:29:07","modified_gmt":"2025-01-22T15:29:07","slug":"contact","status":"publish","type":"page","link":"https:\/\/gridexpo.distinctive.de\/en\/contact\/","title":{"rendered":"Contact"},"content":{"rendered":"\t\t<div data-elementor-type=\"wp-page\" data-elementor-id=\"6025\" class=\"elementor elementor-6025 elementor-5325\" data-elementor-post-type=\"page\">\n\t\t\t\t<div class=\"elementor-element elementor-element-18c3a17 e-flex e-con-boxed e-con e-parent\" data-id=\"18c3a17\" data-element_type=\"container\" data-settings=\"{&quot;background_background&quot;:&quot;classic&quot;}\">\n\t\t\t\t\t<div class=\"e-con-inner\">\n\t\t<div class=\"elementor-element elementor-element-6205fa8 e-con-full e-flex e-con e-child\" data-id=\"6205fa8\" data-element_type=\"container\" data-settings=\"{&quot;background_background&quot;:&quot;classic&quot;}\">\n\t\t\t\t<div class=\"elementor-element elementor-element-c65d7ed elementor-widget elementor-widget-heading\" data-id=\"c65d7ed\" data-element_type=\"widget\" data-widget_type=\"heading.default\">\n\t\t\t\t<div class=\"elementor-widget-container\">\n\t\t\t\t\t<span class=\"elementor-heading-title elementor-size-default\">Contact<\/span>\t\t\t\t<\/div>\n\t\t\t\t<\/div>\n\t\t\t\t<div class=\"elementor-element elementor-element-efc1a41 elementor-widget__width-initial elementor-widget elementor-widget-text-editor\" data-id=\"efc1a41\" data-element_type=\"widget\" data-widget_type=\"text-editor.default\">\n\t\t\t\t<div class=\"elementor-widget-container\">\n\t\t\t\t\t\t\t\t\t<p>Questions? We are happy to help <\/p>\n\t\t\t\t\t\t\t\t<\/div>\n\t\t\t\t<\/div>\n\t\t\t\t<\/div>\n\t\t\t\t\t<\/div>\n\t\t\t\t<\/div>\n\t\t<div class=\"elementor-element elementor-element-df5d847 e-flex e-con-boxed e-con e-parent\" data-id=\"df5d847\" data-element_type=\"container\" data-settings=\"{&quot;background_background&quot;:&quot;classic&quot;}\">\n\t\t\t\t\t<div class=\"e-con-inner\">\n\t\t<div class=\"elementor-element elementor-element-b60885f e-con-full e-flex e-con e-child\" data-id=\"b60885f\" data-element_type=\"container\">\n\t\t\t\t<div class=\"elementor-element elementor-element-6c20c23 elementor-widget elementor-widget-heading\" data-id=\"6c20c23\" data-element_type=\"widget\" data-widget_type=\"heading.default\">\n\t\t\t\t<div class=\"elementor-widget-container\">\n\t\t\t\t\t<h1 class=\"elementor-heading-title elementor-size-default\">Contact<\/h1>\t\t\t\t<\/div>\n\t\t\t\t<\/div>\n\t\t\t\t<div class=\"elementor-element elementor-element-60a1511 elementor-widget elementor-widget-spacer\" data-id=\"60a1511\" data-element_type=\"widget\" data-widget_type=\"spacer.default\">\n\t\t\t\t<div class=\"elementor-widget-container\">\n\t\t\t\t\t\t\t<div class=\"elementor-spacer\">\n\t\t\t<div class=\"elementor-spacer-inner\"><\/div>\n\t\t<\/div>\n\t\t\t\t\t\t<\/div>\n\t\t\t\t<\/div>\n\t\t\t\t<div class=\"elementor-element elementor-element-735a56b elementor-widget__width-initial elementor-widget elementor-widget-text-editor\" data-id=\"735a56b\" data-element_type=\"widget\" data-widget_type=\"text-editor.default\">\n\t\t\t\t<div class=\"elementor-widget-container\">\n\t\t\t\t\t\t\t\t\t<p><span data-metadata=\"&lt;encoded_tag_open \/&gt;!--(figmeta)eyJmaWxlS2V5IjoiSkxnS21IWXY1UUwwSUk0Qk53MDZCVCIsInBhc3RlSUQiOjEzMTg5MDIxMTYsImRhdGFUeXBlIjoic2NlbmUifQo=(\/figmeta)--&lt;encoded_tag_closed \/&gt;\"><strong>GRIDexpo<br \/>International trade fair for smart grids<\/strong><\/span><span><\/span><\/p>\n\t\t\t\t\t\t\t\t<\/div>\n\t\t\t\t<\/div>\n\t\t\t\t<div class=\"elementor-element elementor-element-ae1338b aleft elementor-widget-icon-box wgl-icon-box elementor-widget elementor-widget-wgl-button\" data-id=\"ae1338b\" data-element_type=\"widget\" data-widget_type=\"wgl-button.default\">\n\t\t\t\t<div class=\"elementor-widget-container\">\n\t\t\t\t\t<a class=\"wgl-button btn-size-lg \" role=\"button\" href=\"mailto:info@grid-expo.com\"><div class=\"button__content align-icon-left\"><div class=\"media-wrapper icon-wrapper\"><span class=\"wgl-icon\" ><i class=\"icon elementor-icon flaticon-right\" aria-hidden=\"true\"><\/i><\/span><\/div><span class=\"button__text\">info@grid-expo.com<\/span><\/div><\/a>\t\t\t\t<\/div>\n\t\t\t\t<\/div>\n\t\t\t\t<div class=\"elementor-element elementor-element-057608a elementor-widget__width-initial elementor-widget elementor-widget-text-editor\" data-id=\"057608a\" data-element_type=\"widget\" data-widget_type=\"text-editor.default\">\n\t\t\t\t<div class=\"elementor-widget-container\">\n\t\t\t\t\t\t\t\t\t<p><span>Messe D\u00fcsseldorf GmbH<br \/>Stockumer Kirchstra\u00dfe 61<br \/>40474 D\u00fcsseldorf<br \/>Deutschland<\/span><\/p>\n\t\t\t\t\t\t\t\t<\/div>\n\t\t\t\t<\/div>\n\t\t\t\t<div class=\"elementor-element elementor-element-563ba1e elementor-widget-divider--view-line elementor-widget elementor-widget-divider\" data-id=\"563ba1e\" data-element_type=\"widget\" data-widget_type=\"divider.default\">\n\t\t\t\t<div class=\"elementor-widget-container\">\n\t\t\t\t\t\t\t<div class=\"elementor-divider\">\n\t\t\t<span class=\"elementor-divider-separator\">\n\t\t\t\t\t\t<\/span>\n\t\t<\/div>\n\t\t\t\t\t\t<\/div>\n\t\t\t\t<\/div>\n\t\t<div class=\"elementor-element elementor-element-1c298c8 e-con-full e-flex e-con e-child\" data-id=\"1c298c8\" data-element_type=\"container\">\n\t\t<div class=\"elementor-element elementor-element-2033841 e-con-full e-flex e-con e-child\" data-id=\"2033841\" data-element_type=\"container\">\n\t\t\t\t<div class=\"elementor-element elementor-element-f1e00be elementor-widget elementor-widget-image\" data-id=\"f1e00be\" data-element_type=\"widget\" data-widget_type=\"image.default\">\n\t\t\t\t<div class=\"elementor-widget-container\">\n\t\t\t\t\t\t\t\t\t\t\t\t\t\t\t<img fetchpriority=\"high\" decoding=\"async\" width=\"800\" height=\"800\" src=\"https:\/\/gridexpo.distinctive.de\/wp-content\/uploads\/2024\/11\/caroline-markowski-messe-duesseldorf-gridexpo-presse.jpg\" class=\"attachment-large size-large wp-image-5151\" alt=\"\" srcset=\"https:\/\/gridexpo.distinctive.de\/wp-content\/uploads\/2024\/11\/caroline-markowski-messe-duesseldorf-gridexpo-presse.jpg 800w, https:\/\/gridexpo.distinctive.de\/wp-content\/uploads\/2024\/11\/caroline-markowski-messe-duesseldorf-gridexpo-presse-600x600.jpg 600w, https:\/\/gridexpo.distinctive.de\/wp-content\/uploads\/2024\/11\/caroline-markowski-messe-duesseldorf-gridexpo-presse-300x300.jpg 300w, https:\/\/gridexpo.distinctive.de\/wp-content\/uploads\/2024\/11\/caroline-markowski-messe-duesseldorf-gridexpo-presse-768x768.jpg 768w\" sizes=\"(max-width: 800px) 100vw, 800px\" \/>\t\t\t\t\t\t\t\t\t\t\t\t\t\t\t<\/div>\n\t\t\t\t<\/div>\n\t\t\t\t<\/div>\n\t\t<div class=\"elementor-element elementor-element-e5d14f7 e-con-full e-flex e-con e-child\" data-id=\"e5d14f7\" data-element_type=\"container\">\n\t\t\t\t<div class=\"elementor-element elementor-element-0f37495 elementor-widget__width-initial elementor-widget elementor-widget-text-editor\" data-id=\"0f37495\" data-element_type=\"widget\" data-widget_type=\"text-editor.default\">\n\t\t\t\t<div class=\"elementor-widget-container\">\n\t\t\t\t\t\t\t\t\t<p class=\"contact-text\"><strong>Caroline Markowski<\/strong><br \/>Project Lead \u2013 GRIDexpo<\/p>\n<p class=\"contact-text\">Tel.: +49 (0) 211 &#8211; 45 60 491<br \/><a href=\"mailto:markowskic@messe-duesseldorf.de\">markowskic@messe-duesseldorf.de<\/a><\/p>\n\t\t\t\t\t\t\t\t<\/div>\n\t\t\t\t<\/div>\n\t\t\t\t<\/div>\n\t\t\t\t<\/div>\n\t\t\t\t<\/div>\n\t\t<div class=\"elementor-element elementor-element-df0ec99 e-con-full e-flex e-con e-child\" data-id=\"df0ec99\" data-element_type=\"container\" data-settings=\"{&quot;background_background&quot;:&quot;classic&quot;}\">\n\t\t\t\t<div class=\"elementor-element elementor-element-05c3a32 elementor-widget elementor-widget-heading\" data-id=\"05c3a32\" data-element_type=\"widget\" data-widget_type=\"heading.default\">\n\t\t\t\t<div class=\"elementor-widget-container\">\n\t\t\t\t\t<h3 class=\"elementor-heading-title elementor-size-default\">Contact form<\/h3>\t\t\t\t<\/div>\n\t\t\t\t<\/div>\n\t\t\t\t<div class=\"elementor-element elementor-element-877e264 aleft elementor-widget elementor-widget-wgl-contact-form-7\" data-id=\"877e264\" data-element_type=\"widget\" data-widget_type=\"wgl-contact-form-7.default\">\n\t\t\t\t<div class=\"elementor-widget-container\">\n\t\t\t\t\t<div class=\"wgl-contact-form-7\">\n<div class=\"wpcf7 no-js\" id=\"wpcf7-f7-o1\" lang=\"en-US\" dir=\"ltr\" data-wpcf7-id=\"7\">\n<div class=\"screen-reader-response\"><p role=\"status\" aria-live=\"polite\" aria-atomic=\"true\"><\/p> <ul><\/ul><\/div>\n<form action=\"\/en\/wp-json\/wp\/v2\/pages\/6025#wpcf7-f7-o1\" method=\"post\" class=\"wpcf7-form init\" aria-label=\"Contact form\" novalidate=\"novalidate\" data-status=\"init\">\n<div style=\"display: none;\">\n<input type=\"hidden\" name=\"_wpcf7\" value=\"7\" \/>\n<input type=\"hidden\" name=\"_wpcf7_version\" value=\"6.0.6\" \/>\n<input type=\"hidden\" name=\"_wpcf7_locale\" value=\"en_US\" \/>\n<input type=\"hidden\" name=\"_wpcf7_unit_tag\" value=\"wpcf7-f7-o1\" \/>\n<input type=\"hidden\" name=\"_wpcf7_container_post\" value=\"0\" \/>\n<input type=\"hidden\" name=\"_wpcf7_posted_data_hash\" value=\"\" \/>\n<\/div>\n<label> Your name\n    <span class=\"wpcf7-form-control-wrap\" data-name=\"your-name\"><input size=\"40\" maxlength=\"400\" class=\"wpcf7-form-control wpcf7-text wpcf7-validates-as-required\" autocomplete=\"name\" aria-required=\"true\" aria-invalid=\"false\" value=\"\" type=\"text\" name=\"your-name\" \/><\/span> <\/label>\n\n<label> Your email\n    <span class=\"wpcf7-form-control-wrap\" data-name=\"your-email\"><input size=\"40\" maxlength=\"400\" class=\"wpcf7-form-control wpcf7-email wpcf7-validates-as-required wpcf7-text wpcf7-validates-as-email\" autocomplete=\"email\" aria-required=\"true\" aria-invalid=\"false\" value=\"\" type=\"email\" name=\"your-email\" \/><\/span> <\/label>\n\n<label> Subject\n    <span class=\"wpcf7-form-control-wrap\" data-name=\"your-subject\"><input size=\"40\" maxlength=\"400\" class=\"wpcf7-form-control wpcf7-text wpcf7-validates-as-required\" aria-required=\"true\" aria-invalid=\"false\" value=\"\" type=\"text\" name=\"your-subject\" \/><\/span> <\/label>\n\n<label> Your message (optional)\n    <span class=\"wpcf7-form-control-wrap\" data-name=\"your-message\"><textarea cols=\"40\" rows=\"10\" maxlength=\"2000\" class=\"wpcf7-form-control wpcf7-textarea\" aria-invalid=\"false\" name=\"your-message\"><\/textarea><\/span> <\/label>\n\n<input class=\"wpcf7-form-control wpcf7-submit has-spinner\" type=\"submit\" value=\"Submit\" \/><div class=\"wpcf7-response-output\" aria-hidden=\"true\"><\/div>\n<\/form>\n<\/div>\n<\/div>\t\t\t\t<\/div>\n\t\t\t\t<\/div>\n\t\t\t\t<\/div>\n\t\t\t\t\t<\/div>\n\t\t\t\t<\/div>\n\t\t<div class=\"elementor-element elementor-element-6f52099 e-flex e-con-boxed e-con e-parent\" data-id=\"6f52099\" data-element_type=\"container\" data-settings=\"{&quot;background_background&quot;:&quot;classic&quot;}\">\n\t\t\t\t\t<div class=\"e-con-inner\">\n\t\t<div class=\"elementor-element elementor-element-a858d62 e-con-full e-flex e-con e-child\" data-id=\"a858d62\" data-element_type=\"container\">\n\t\t\t\t<div class=\"elementor-element elementor-element-ab34a31 elementor-widget elementor-widget-heading\" data-id=\"ab34a31\" data-element_type=\"widget\" data-widget_type=\"heading.default\">\n\t\t\t\t<div class=\"elementor-widget-container\">\n\t\t\t\t\t<span class=\"elementor-heading-title elementor-size-default\"><font class=\"headline-gradient\">LinkedIn<\/font><\/span>\t\t\t\t<\/div>\n\t\t\t\t<\/div>\n\t\t\t\t<div class=\"elementor-element elementor-element-338c4ae elementor-widget elementor-widget-text-editor\" data-id=\"338c4ae\" data-element_type=\"widget\" data-widget_type=\"text-editor.default\">\n\t\t\t\t<div class=\"elementor-widget-container\">\n\t\t\t\t\t\t\t\t\t<p>Stay informed about the topics and exhibitors.<\/p>\n\t\t\t\t\t\t\t\t<\/div>\n\t\t\t\t<\/div>\n\t\t\t\t<div class=\"elementor-element elementor-element-23c2028 aleft elementor-widget-icon-box wgl-icon-box elementor-widget elementor-widget-wgl-button\" data-id=\"23c2028\" data-element_type=\"widget\" data-widget_type=\"wgl-button.default\">\n\t\t\t\t<div class=\"elementor-widget-container\">\n\t\t\t\t\t<a class=\"wgl-button btn-size-lg \" role=\"button\" href=\"https:\/\/www.linkedin.com\/showcase\/gridexpo\/\" target=\"_blank\" rel=\"nofollow\"><div class=\"button__content align-icon-left\"><div class=\"media-wrapper icon-wrapper\"><span class=\"wgl-icon\" ><i class=\"icon elementor-icon flaticon-right\" aria-hidden=\"true\"><\/i><\/span><\/div><span class=\"button__text\">LinkedIn<\/span><\/div><\/a>\t\t\t\t<\/div>\n\t\t\t\t<\/div>\n\t\t\t\t<\/div>\n\t\t<div class=\"elementor-element elementor-element-7685622 e-con-full e-flex e-con e-child\" data-id=\"7685622\" data-element_type=\"container\">\n\t\t\t\t<div class=\"elementor-element elementor-element-1c98f1b elementor-widget elementor-widget-heading\" data-id=\"1c98f1b\" data-element_type=\"widget\" data-widget_type=\"heading.default\">\n\t\t\t\t<div class=\"elementor-widget-container\">\n\t\t\t\t\t<span class=\"elementor-heading-title elementor-size-default\"><font class=\"headline-gradient\">Newsletter<\/font><\/span>\t\t\t\t<\/div>\n\t\t\t\t<\/div>\n\t\t\t\t<div class=\"elementor-element elementor-element-cf6175f elementor-widget elementor-widget-text-editor\" data-id=\"cf6175f\" data-element_type=\"widget\" data-widget_type=\"text-editor.default\">\n\t\t\t\t<div class=\"elementor-widget-container\">\n\t\t\t\t\t\t\t\t\t<p>Sign up for our <strong>free newsletter<\/strong>.<\/p>\n\t\t\t\t\t\t\t\t<\/div>\n\t\t\t\t<\/div>\n\t\t\t\t<div class=\"elementor-element elementor-element-580c73f aleft elementor-widget-icon-box wgl-icon-box elementor-widget elementor-widget-wgl-button\" data-id=\"580c73f\" data-element_type=\"widget\" data-widget_type=\"wgl-button.default\">\n\t\t\t\t<div class=\"elementor-widget-container\">\n\t\t\t\t\t<a class=\"wgl-button btn-size-lg \" role=\"button\" href=\"\/en\/newsletter\/\" target=\"_blank\"><div class=\"button__content align-icon-left\"><div class=\"media-wrapper icon-wrapper\"><span class=\"wgl-icon\" ><i class=\"icon elementor-icon flaticon-right\" aria-hidden=\"true\"><\/i><\/span><\/div><span class=\"button__text\">Sign up now<\/span><\/div><\/a>\t\t\t\t<\/div>\n\t\t\t\t<\/div>\n\t\t\t\t<\/div>\n\t\t\t\t\t<\/div>\n\t\t\t\t<\/div>\n\t\t\t\t<\/div>\n\t\t","protected":false},"excerpt":{"rendered":"<p>Contact Questions? We are happy to help Contact GRIDexpoInternational trade fair for smart grids info@grid-expo.com Messe D\u00fcsseldorf GmbHStockumer Kirchstra\u00dfe 6140474 D\u00fcsseldorfDeutschland Caroline MarkowskiProject Lead \u2013 GRIDexpo Tel.: +49 (0) 211 &#8211; 45 60 491markowskic@messe-duesseldorf.de Contact form Your name Your email Subject Your message (optional) LinkedIn Stay informed about the topics and exhibitors. LinkedIn Newsletter Sign [&hellip;]<\/p>\n","protected":false},"author":1,"featured_media":5152,"parent":0,"menu_order":0,"comment_status":"closed","ping_status":"closed","template":"","meta":{"footnotes":""},"class_list":["post-6025","page","type-page","status-publish","has-post-thumbnail","hentry"],"yoast_head":"<!-- This site is optimized with the Yoast SEO plugin v24.9 - https:\/\/yoast.com\/wordpress\/plugins\/seo\/ -->\n<title>Contact - GRIDexpo - International trade fair for smart grids<\/title>\n<meta name=\"description\" content=\"Contact: Messe D\u00fcsseldorf GmbH - Caroline Markowski - Project Lead \u2013 GRIDexpo - Tel.: 0211 \u2013 45 60 491 - info@grid-expo.com\" \/>\n<meta name=\"robots\" content=\"noindex, follow, max-snippet:-1, max-image-preview:large, max-video-preview:-1\" \/>\n<meta property=\"og:locale\" content=\"en_US\" \/>\n<meta property=\"og:type\" content=\"article\" \/>\n<meta property=\"og:title\" content=\"Contact - GRIDexpo - International trade fair for smart grids\" \/>\n<meta property=\"og:description\" content=\"Contact: Messe D\u00fcsseldorf GmbH - Caroline Markowski - Project Lead \u2013 GRIDexpo - Tel.: 0211 \u2013 45 60 491 - info@grid-expo.com\" \/>\n<meta property=\"og:url\" content=\"https:\/\/gridexpo.distinctive.de\/en\/contact\/\" \/>\n<meta property=\"og:site_name\" content=\"GRIDexpo\" \/>\n<meta property=\"article:modified_time\" content=\"2025-01-22T15:29:07+00:00\" \/>\n<meta property=\"og:image\" content=\"https:\/\/gridexpo.distinctive.de\/wp-content\/uploads\/2024\/11\/caroline-markowski-messe-duesseldorf-gridexpo-presse.jpg\" \/>\n\t<meta property=\"og:image:width\" content=\"800\" \/>\n\t<meta property=\"og:image:height\" content=\"800\" \/>\n\t<meta property=\"og:image:type\" content=\"image\/jpeg\" \/>\n<meta name=\"twitter:card\" content=\"summary_large_image\" \/>\n<script type=\"application\/ld+json\" class=\"yoast-schema-graph\">{\"@context\":\"https:\/\/schema.org\",\"@graph\":[{\"@type\":\"WebPage\",\"@id\":\"https:\/\/gridexpo.distinctive.de\/en\/contact\/\",\"url\":\"https:\/\/gridexpo.distinctive.de\/en\/contact\/\",\"name\":\"Contact - GRIDexpo - International trade fair for smart grids\",\"isPartOf\":{\"@id\":\"https:\/\/gridexpo.distinctive.de\/en\/#website\"},\"primaryImageOfPage\":{\"@id\":\"https:\/\/gridexpo.distinctive.de\/en\/contact\/#primaryimage\"},\"image\":{\"@id\":\"https:\/\/gridexpo.distinctive.de\/en\/contact\/#primaryimage\"},\"thumbnailUrl\":\"https:\/\/gridexpo.distinctive.de\/wp-content\/uploads\/2024\/11\/caroline-markowski-messe-duesseldorf-gridexpo-presse.jpg\",\"datePublished\":\"2024-11-07T14:30:53+00:00\",\"dateModified\":\"2025-01-22T15:29:07+00:00\",\"description\":\"Contact: Messe D\u00fcsseldorf GmbH - Caroline Markowski - Project Lead \u2013 GRIDexpo - Tel.: 0211 \u2013 45 60 491 - info@grid-expo.com\",\"breadcrumb\":{\"@id\":\"https:\/\/gridexpo.distinctive.de\/en\/contact\/#breadcrumb\"},\"inLanguage\":\"en-US\",\"potentialAction\":[{\"@type\":\"ReadAction\",\"target\":[\"https:\/\/gridexpo.distinctive.de\/en\/contact\/\"]}]},{\"@type\":\"ImageObject\",\"inLanguage\":\"en-US\",\"@id\":\"https:\/\/gridexpo.distinctive.de\/en\/contact\/#primaryimage\",\"url\":\"https:\/\/gridexpo.distinctive.de\/wp-content\/uploads\/2024\/11\/caroline-markowski-messe-duesseldorf-gridexpo-presse.jpg\",\"contentUrl\":\"https:\/\/gridexpo.distinctive.de\/wp-content\/uploads\/2024\/11\/caroline-markowski-messe-duesseldorf-gridexpo-presse.jpg\",\"width\":800,\"height\":800},{\"@type\":\"BreadcrumbList\",\"@id\":\"https:\/\/gridexpo.distinctive.de\/en\/contact\/#breadcrumb\",\"itemListElement\":[{\"@type\":\"ListItem\",\"position\":1,\"name\":\"Startseite\",\"item\":\"https:\/\/gridexpo.distinctive.de\/en\/\"},{\"@type\":\"ListItem\",\"position\":2,\"name\":\"Contact\"}]},{\"@type\":\"WebSite\",\"@id\":\"https:\/\/gridexpo.distinctive.de\/en\/#website\",\"url\":\"https:\/\/gridexpo.distinctive.de\/en\/\",\"name\":\"GRIDexpo\",\"description\":\"Internationale Fachmesse f\u00fcr intelligente Stromnetze\",\"publisher\":{\"@id\":\"https:\/\/gridexpo.distinctive.de\/en\/#organization\"},\"potentialAction\":[{\"@type\":\"SearchAction\",\"target\":{\"@type\":\"EntryPoint\",\"urlTemplate\":\"https:\/\/gridexpo.distinctive.de\/en\/?s={search_term_string}\"},\"query-input\":{\"@type\":\"PropertyValueSpecification\",\"valueRequired\":true,\"valueName\":\"search_term_string\"}}],\"inLanguage\":\"en-US\"},{\"@type\":\"Organization\",\"@id\":\"https:\/\/gridexpo.distinctive.de\/en\/#organization\",\"name\":\"GRIDexpo \u2013 Internationale Fachmesse f\u00fcr intelligente Stromnetze\",\"url\":\"https:\/\/gridexpo.distinctive.de\/en\/\",\"logo\":{\"@type\":\"ImageObject\",\"inLanguage\":\"en-US\",\"@id\":\"https:\/\/gridexpo.distinctive.de\/en\/#\/schema\/logo\/image\/\",\"url\":\"https:\/\/gridexpo.distinctive.de\/wp-content\/uploads\/2024\/10\/gridexpo-teaser-3.jpg\",\"contentUrl\":\"https:\/\/gridexpo.distinctive.de\/wp-content\/uploads\/2024\/10\/gridexpo-teaser-3.jpg\",\"width\":570,\"height\":570,\"caption\":\"GRIDexpo \u2013 Internationale Fachmesse f\u00fcr intelligente Stromnetze\"},\"image\":{\"@id\":\"https:\/\/gridexpo.distinctive.de\/en\/#\/schema\/logo\/image\/\"},\"sameAs\":[\"https:\/\/de.linkedin.com\/showcase\/gridexpo\/\"]}]}<\/script>\n<!-- \/ Yoast SEO plugin. -->","yoast_head_json":{"title":"Contact - GRIDexpo - International trade fair for smart grids","description":"Contact: Messe D\u00fcsseldorf GmbH - Caroline Markowski - Project Lead \u2013 GRIDexpo - Tel.: 0211 \u2013 45 60 491 - info@grid-expo.com","robots":{"index":"noindex","follow":"follow","max-snippet":"max-snippet:-1","max-image-preview":"max-image-preview:large","max-video-preview":"max-video-preview:-1"},"og_locale":"en_US","og_type":"article","og_title":"Contact - GRIDexpo - International trade fair for smart grids","og_description":"Contact: Messe D\u00fcsseldorf GmbH - Caroline Markowski - Project Lead \u2013 GRIDexpo - Tel.: 0211 \u2013 45 60 491 - info@grid-expo.com","og_url":"https:\/\/gridexpo.distinctive.de\/en\/contact\/","og_site_name":"GRIDexpo","article_modified_time":"2025-01-22T15:29:07+00:00","og_image":[{"width":800,"height":800,"url":"https:\/\/gridexpo.distinctive.de\/wp-content\/uploads\/2024\/11\/caroline-markowski-messe-duesseldorf-gridexpo-presse.jpg","type":"image\/jpeg"}],"twitter_card":"summary_large_image","schema":{"@context":"https:\/\/schema.org","@graph":[{"@type":"WebPage","@id":"https:\/\/gridexpo.distinctive.de\/en\/contact\/","url":"https:\/\/gridexpo.distinctive.de\/en\/contact\/","name":"Contact - GRIDexpo - International trade fair for smart grids","isPartOf":{"@id":"https:\/\/gridexpo.distinctive.de\/en\/#website"},"primaryImageOfPage":{"@id":"https:\/\/gridexpo.distinctive.de\/en\/contact\/#primaryimage"},"image":{"@id":"https:\/\/gridexpo.distinctive.de\/en\/contact\/#primaryimage"},"thumbnailUrl":"https:\/\/gridexpo.distinctive.de\/wp-content\/uploads\/2024\/11\/caroline-markowski-messe-duesseldorf-gridexpo-presse.jpg","datePublished":"2024-11-07T14:30:53+00:00","dateModified":"2025-01-22T15:29:07+00:00","description":"Contact: Messe D\u00fcsseldorf GmbH - Caroline Markowski - Project Lead \u2013 GRIDexpo - Tel.: 0211 \u2013 45 60 491 - info@grid-expo.com","breadcrumb":{"@id":"https:\/\/gridexpo.distinctive.de\/en\/contact\/#breadcrumb"},"inLanguage":"en-US","potentialAction":[{"@type":"ReadAction","target":["https:\/\/gridexpo.distinctive.de\/en\/contact\/"]}]},{"@type":"ImageObject","inLanguage":"en-US","@id":"https:\/\/gridexpo.distinctive.de\/en\/contact\/#primaryimage","url":"https:\/\/gridexpo.distinctive.de\/wp-content\/uploads\/2024\/11\/caroline-markowski-messe-duesseldorf-gridexpo-presse.jpg","contentUrl":"https:\/\/gridexpo.distinctive.de\/wp-content\/uploads\/2024\/11\/caroline-markowski-messe-duesseldorf-gridexpo-presse.jpg","width":800,"height":800},{"@type":"BreadcrumbList","@id":"https:\/\/gridexpo.distinctive.de\/en\/contact\/#breadcrumb","itemListElement":[{"@type":"ListItem","position":1,"name":"Startseite","item":"https:\/\/gridexpo.distinctive.de\/en\/"},{"@type":"ListItem","position":2,"name":"Contact"}]},{"@type":"WebSite","@id":"https:\/\/gridexpo.distinctive.de\/en\/#website","url":"https:\/\/gridexpo.distinctive.de\/en\/","name":"GRIDexpo","description":"Internationale Fachmesse f\u00fcr intelligente Stromnetze","publisher":{"@id":"https:\/\/gridexpo.distinctive.de\/en\/#organization"},"potentialAction":[{"@type":"SearchAction","target":{"@type":"EntryPoint","urlTemplate":"https:\/\/gridexpo.distinctive.de\/en\/?s={search_term_string}"},"query-input":{"@type":"PropertyValueSpecification","valueRequired":true,"valueName":"search_term_string"}}],"inLanguage":"en-US"},{"@type":"Organization","@id":"https:\/\/gridexpo.distinctive.de\/en\/#organization","name":"GRIDexpo \u2013 Internationale Fachmesse f\u00fcr intelligente Stromnetze","url":"https:\/\/gridexpo.distinctive.de\/en\/","logo":{"@type":"ImageObject","inLanguage":"en-US","@id":"https:\/\/gridexpo.distinctive.de\/en\/#\/schema\/logo\/image\/","url":"https:\/\/gridexpo.distinctive.de\/wp-content\/uploads\/2024\/10\/gridexpo-teaser-3.jpg","contentUrl":"https:\/\/gridexpo.distinctive.de\/wp-content\/uploads\/2024\/10\/gridexpo-teaser-3.jpg","width":570,"height":570,"caption":"GRIDexpo \u2013 Internationale Fachmesse f\u00fcr intelligente Stromnetze"},"image":{"@id":"https:\/\/gridexpo.distinctive.de\/en\/#\/schema\/logo\/image\/"},"sameAs":["https:\/\/de.linkedin.com\/showcase\/gridexpo\/"]}]}},"_links":{"self":[{"href":"https:\/\/gridexpo.distinctive.de\/en\/wp-json\/wp\/v2\/pages\/6025","targetHints":{"allow":["GET"]}}],"collection":[{"href":"https:\/\/gridexpo.distinctive.de\/en\/wp-json\/wp\/v2\/pages"}],"about":[{"href":"https:\/\/gridexpo.distinctive.de\/en\/wp-json\/wp\/v2\/types\/page"}],"author":[{"embeddable":true,"href":"https:\/\/gridexpo.distinctive.de\/en\/wp-json\/wp\/v2\/users\/1"}],"replies":[{"embeddable":true,"href":"https:\/\/gridexpo.distinctive.de\/en\/wp-json\/wp\/v2\/comments?post=6025"}],"version-history":[{"count":4,"href":"https:\/\/gridexpo.distinctive.de\/en\/wp-json\/wp\/v2\/pages\/6025\/revisions"}],"predecessor-version":[{"id":6168,"href":"https:\/\/gridexpo.distinctive.de\/en\/wp-json\/wp\/v2\/pages\/6025\/revisions\/6168"}],"wp:featuredmedia":[{"embeddable":true,"href":"https:\/\/gridexpo.distinctive.de\/en\/wp-json\/wp\/v2\/media\/5152"}],"wp:attachment":[{"href":"https:\/\/gridexpo.distinctive.de\/en\/wp-json\/wp\/v2\/media?parent=6025"}],"curies":[{"name":"wp","href":"https:\/\/api.w.org\/{rel}","templated":true}]}}